{"id":23,"date":"2012-01-09T23:02:04","date_gmt":"2012-01-09T23:02:04","guid":{"rendered":"http:\/\/kochen-basteln.de\/?page_id=23"},"modified":"2018-05-23T21:37:12","modified_gmt":"2018-05-23T20:37:12","slug":"about","status":"publish","type":"page","link":"http:\/\/kochen-basteln.de\/?page_id=23","title":{"rendered":"About"},"content":{"rendered":"<p>Herzlich Willkommen auf meinem Blog !<\/p>\n<p>Kochen und Basteln sind zwei Dinge, mit denen ich mich besonders gerne besch\u00e4ftige.<\/p>\n<p>Da ich fast t\u00e4glich koche, aber nur bastel, wenn ich Zeit und Muse dazu habe, werden die Rezepte hier sicherlich \u00fcberwiegen. Aber ich hoffe, dass mit der Zeit ein abwechslungsreicher Blog entstehen wird, der zum St\u00f6bern und Verweilen einl\u00e4d.<\/p>\n<div>Falls Fragen zu meinen Beitr\u00e4gen bestehen, k\u00f6nnen diese gerne \u00fcber die Kommentarfunktion unter den entsprechenden Posts gestellt werden.<\/div>\n<div>Die entsprechenden Antworten werde ich ebenfalls dort ver\u00f6ffentlichen. Auf diese Art und Weise k\u00f6nnen auch andere Leser davon profitieren.<\/div>\n<div>Gibt es andere Anfragen so k\u00f6nnen diese gerne an folgende e-mail Adresse gerichtet werden :<\/div>\n<div><\/div>\n<div><strong>info(at)kochen-basteln.de<\/strong><\/div>\n<div><strong>WICHTIG : (at) bitte durch @ ersetzen !!!<\/strong><\/div>\n<p>Dies ist eine rein private Seite.<\/p>\n<p>Das Urheberrecht s\u00e4mtlicher Fotos liegt bei mir. Keine der in diesem Blog ver\u00f6ffentlichten Bilder und privaten Texte d\u00fcrfen ohne meine ausdr\u00fcckliche schriftliche Genehmigung weiterverwendet oder an anderer Stelle ver\u00f6ffentlicht werden.<\/p>\n<p>Allerdings freue ich mich sehr dar\u00fcber, wenn meine Beitr\u00e4ge andere inspirieren und zum Nachahmen anregen. Sollte dies der Fall sein, und jemand m\u00f6chte auf meiner Grundlage sein eigenes Werk ver\u00f6ffentlichen, bitte ich um einen entsprechenden Link auf meinen Blog.<\/p>\n<p><strong>HINWEIS:<\/strong><\/p>\n<p>F\u00fcr alle Links auf dieser Homepage gilt: Ich distanziere mich hiermit ausdr\u00fccklich von allen Inhalten aller verlinkten Seitenadressen auf meiner Homepage und mache mir diese Inhalte nicht zu eigen<\/p>\n<p>&nbsp;<\/p>\n<div class=\"pdfprnt-buttons pdfprnt-buttons-page pdfprnt-bottom-right\"><a href=\"http:\/\/kochen-basteln.de\/index.php?rest_route=%2Fwp%2Fv2%2Fpages%2F23&print=pdf\" class=\"pdfprnt-button pdfprnt-button-pdf\" target=\"_blank\" ><img decoding=\"async\" src=\"http:\/\/kochen-basteln.de\/wp-content\/plugins\/pdf-print\/images\/pdf.png\" alt=\"image_pdf\" title=\"PDF anzeigen\" \/><\/a><a href=\"http:\/\/kochen-basteln.de\/index.php?rest_route=%2Fwp%2Fv2%2Fpages%2F23&print=print\" class=\"pdfprnt-button pdfprnt-button-print\" target=\"_blank\" ><img decoding=\"async\" src=\"http:\/\/kochen-basteln.de\/wp-content\/plugins\/pdf-print\/images\/print.png\" alt=\"image_print\" title=\"Inhalt drucken\" \/><\/a><\/div>","protected":false},"excerpt":{"rendered":"<p>Herzlich Willkommen auf meinem Blog ! Kochen und Basteln sind zwei Dinge, mit denen ich mich besonders gerne besch\u00e4ftige. Da ich fast t\u00e4glich koche, aber nur bastel, wenn ich Zeit und Muse dazu habe, werden die Rezepte hier sicherlich \u00fcberwiegen. &hellip; <a href=\"http:\/\/kochen-basteln.de\/?page_id=23\">Weiterlesen <span class=\"meta-nav\">&rarr;<\/span><\/a><\/p>\n","protected":false},"author":1,"featured_media":0,"parent":0,"menu_order":0,"comment_status":"open","ping_status":"open","template":"","meta":{"footnotes":""},"class_list":["post-23","page","type-page","status-publish","hentry"],"_links":{"self":[{"href":"http:\/\/kochen-basteln.de\/index.php?rest_route=\/wp\/v2\/pages\/23","targetHints":{"allow":["GET"]}}],"collection":[{"href":"http:\/\/kochen-basteln.de\/index.php?rest_route=\/wp\/v2\/pages"}],"about":[{"href":"http:\/\/kochen-basteln.de\/index.php?rest_route=\/wp\/v2\/types\/page"}],"author":[{"embeddable":true,"href":"http:\/\/kochen-basteln.de\/index.php?rest_route=\/wp\/v2\/users\/1"}],"replies":[{"embeddable":true,"href":"http:\/\/kochen-basteln.de\/index.php?rest_route=%2Fwp%2Fv2%2Fcomments&post=23"}],"version-history":[{"count":10,"href":"http:\/\/kochen-basteln.de\/index.php?rest_route=\/wp\/v2\/pages\/23\/revisions"}],"predecessor-version":[{"id":1177,"href":"http:\/\/kochen-basteln.de\/index.php?rest_route=\/wp\/v2\/pages\/23\/revisions\/1177"}],"wp:attachment":[{"href":"http:\/\/kochen-basteln.de\/index.php?rest_route=%2Fwp%2Fv2%2Fmedia&parent=23"}],"curies":[{"name":"wp","href":"https:\/\/api.w.org\/{rel}","templated":true}]}}